{"id":14247,"date":"2025-08-16T16:24:33","date_gmt":"2025-08-16T16:24:33","guid":{"rendered":"https:\/\/agdmorkovice.cz\/?page_id=14247"},"modified":"2025-08-16T16:27:34","modified_gmt":"2025-08-16T16:27:34","slug":"kariera","status":"publish","type":"page","link":"https:\/\/agdmorkovice.cz\/en\/kariera\/","title":{"rendered":"Kari\u00e9ra"},"content":{"rendered":"<div data-elementor-type=\"wp-page\" data-elementor-id=\"14247\" class=\"elementor elementor-14247\" data-elementor-post-type=\"page\">\n\t\t\t\t\t\t<section class=\"elementor-section elementor-top-section elementor-element elementor-element-21e8998 elementor-section-full_width qodef-elementor-content-grid elementor-section-height-default elementor-section-height-default\" data-id=\"21e8998\" data-element_type=\"section\">\n\t\t\t\t\t\t<div class=\"elementor-container elementor-column-gap-default\">\n\t\t\t\t\t<div class=\"elementor-column elementor-col-100 elementor-top-column elementor-element elementor-element-8dfed63\" data-id=\"8dfed63\" data-element_type=\"column\">\n\t\t\t<div class=\"elementor-widget-wrap elementor-element-populated\">\n\t\t\t\t\t\t<div class=\"elementor-element elementor-element-61821cd elementor-widget elementor-widget-agraria_core_blog_list\" data-id=\"61821cd\" data-element_type=\"widget\" data-widget_type=\"agraria_core_blog_list.default\">\n\t\t\t\t<div class=\"elementor-widget-container\">\n\t\t\t\t\t<div class=\"qodef-shortcode qodef-m qodef-blog qodef--list qodef-item-layout--standard qodef-grid qodef-layout--columns qodef-gutter--small qodef-vertical-gutter--normal qodef-col-num--3 qodef-item-layout--standard qodef-pagination--off qodef-responsive--custom qodef-col-num--1440--3 qodef-col-num--1366--3 qodef-col-num--1024--2 qodef-col-num--768--1 qodef-col-num--680--1 qodef-col-num--480--1 qodef-swiper--show-pagination\" data-options=\"{&quot;plugin&quot;:&quot;agraria_core&quot;,&quot;module&quot;:&quot;blog\\\/shortcodes&quot;,&quot;shortcode&quot;:&quot;blog-list&quot;,&quot;post_type&quot;:&quot;post&quot;,&quot;next_page&quot;:&quot;2&quot;,&quot;max_pages_num&quot;:1,&quot;behavior&quot;:&quot;columns&quot;,&quot;images_proportion&quot;:&quot;full&quot;,&quot;columns&quot;:&quot;3&quot;,&quot;columns_responsive&quot;:&quot;custom&quot;,&quot;columns_1440&quot;:&quot;3&quot;,&quot;columns_1366&quot;:&quot;3&quot;,&quot;columns_1024&quot;:&quot;2&quot;,&quot;columns_768&quot;:&quot;1&quot;,&quot;columns_680&quot;:&quot;1&quot;,&quot;columns_480&quot;:&quot;1&quot;,&quot;space&quot;:&quot;small&quot;,&quot;vertical_space&quot;:&quot;normal&quot;,&quot;posts_per_page&quot;:&quot;12&quot;,&quot;orderby&quot;:&quot;date&quot;,&quot;order&quot;:&quot;DESC&quot;,&quot;additional_params&quot;:&quot;tax&quot;,&quot;tax&quot;:&quot;category&quot;,&quot;tax_slug&quot;:&quot;kariera&quot;,&quot;layout&quot;:&quot;standard&quot;,&quot;title_tag&quot;:&quot;h4&quot;,&quot;excerpt_length&quot;:&quot;155&quot;,&quot;disable_button&quot;:&quot;yes&quot;,&quot;pagination_type&quot;:&quot;no-pagination&quot;,&quot;object_class_name&quot;:&quot;AgrariaCore_Blog_List_Shortcode&quot;,&quot;taxonomy_filter&quot;:&quot;category&quot;,&quot;additional_query_args&quot;:{&quot;tax_query&quot;:[{&quot;taxonomy&quot;:&quot;category&quot;,&quot;field&quot;:&quot;slug&quot;,&quot;terms&quot;:&quot;kariera&quot;}]},&quot;space_value&quot;:20}\">\n\t\t<div class=\"qodef-grid-inner\">\n\t\t<article class=\"qodef-e qodef-blog-item qodef-grid-item qodef-item--full post-14250 post type-post status-publish format-standard hentry category-kariera\">\n\t<div class=\"qodef-e-inner\">\n\t\t<div class=\"qodef-e-media\">\n\t\t<div class=\"qodef-e-image-date\">\n\t\t<a itemprop=\"dateCreated\" href=\"https:\/\/agdmorkovice.cz\/en\/2025\/08\/\" class=\"qodef-e-info-item qodef-e-info-date entry-date\">\n\t16. 8. 2025<\/a><div class=\"qodef-info-separator-end\"><\/div>\n\t<\/div>\n\t<div class=\"qodef-e-media-image\">\n\t\t<a itemprop=\"url\" href=\"https:\/\/agdmorkovice.cz\/en\/kariera\/dojicka-ka-nahanecka\/\">\n\t\t\t<img fetchpriority=\"high\" decoding=\"async\" width=\"1240\" height=\"1748\" src=\"https:\/\/agdmorkovice.cz\/wp-content\/uploads\/2025\/08\/agdmorkovice.cz_pracovni_nabidka-1.png\" class=\"attachment-full size-full\" alt=\"\" srcset=\"https:\/\/agdmorkovice.cz\/wp-content\/uploads\/2025\/08\/agdmorkovice.cz_pracovni_nabidka-1.png 1240w, https:\/\/agdmorkovice.cz\/wp-content\/uploads\/2025\/08\/agdmorkovice.cz_pracovni_nabidka-1-213x300.png 213w, https:\/\/agdmorkovice.cz\/wp-content\/uploads\/2025\/08\/agdmorkovice.cz_pracovni_nabidka-1-726x1024.png 726w, https:\/\/agdmorkovice.cz\/wp-content\/uploads\/2025\/08\/agdmorkovice.cz_pracovni_nabidka-1-768x1083.png 768w, https:\/\/agdmorkovice.cz\/wp-content\/uploads\/2025\/08\/agdmorkovice.cz_pracovni_nabidka-1-1090x1536.png 1090w, https:\/\/agdmorkovice.cz\/wp-content\/uploads\/2025\/08\/agdmorkovice.cz_pracovni_nabidka-1-9x12.png 9w\" sizes=\"(max-width: 1240px) 100vw, 1240px\" \/>\t\t<\/a>\n\t<\/div>\n<\/div>\n\t\t<div class=\"qodef-e-content\">\n\t\t\t<div class=\"qodef-e-top-holder\">\n\t\t\t\t<div class=\"qodef-e-info\">\n\t\t\t\t\t<a itemprop=\"dateCreated\" href=\"https:\/\/agdmorkovice.cz\/en\/2025\/08\/\" class=\"qodef-e-info-item qodef-e-info-date entry-date\">\n\t16. 8. 2025<\/a><div class=\"qodef-info-separator-end\"><\/div>\n<span class=\"qodef-e-info-author-label\">By<\/span>\n<a itemprop=\"author\" href=\"https:\/\/agdmorkovice.cz\/en\/author\/admin\/\" class=\"qodef-e-info-author\">\n\ttomasvalachcz<\/a><div class=\"qodef-info-separator-end\"><\/div><a href=\"https:\/\/agdmorkovice.cz\/en\/category\/kariera\/\" rel=\"tag\">Kari\u00e9ra<\/a><div class=\"qodef-info-separator-end\"><\/div>\t\t\t\t<\/div>\n\t\t\t<\/div>\n\t\t\t<div class=\"qodef-e-text\">\n\t\t\t\t<h4 itemprop=\"name\" class=\"qodef-e-title entry-title\" >\n\t<a itemprop=\"url\" class=\"qodef-e-title-link\" href=\"https:\/\/agdmorkovice.cz\/en\/kariera\/dojicka-ka-nahanecka\/\">\n\t\tDoji\u010d\/ka, nah\u00e1n\u011b\u010d\/ka\t<\/a>\n<\/h4>\n\t\t\t<\/div>\n\t\t\t\t\t<\/div>\n\t<\/div>\n<\/article>\n\t<\/div>\n\t<\/div>\n\t\t\t\t<\/div>\n\t\t\t\t<\/div>\n\t\t\t\t\t<\/div>\n\t\t<\/div>\n\t\t\t\t\t<\/div>\n\t\t<\/section>\n\t\t\t\t<\/div>","protected":false},"excerpt":{"rendered":"<p>16. 8. 2025 16. 8. 2025 By tomasvalachczKari\u00e9ra Doji\u010dka\/ka, nah\u00e1n\u011b\u010dka<\/p>","protected":false},"author":1,"featured_media":13682,"parent":0,"menu_order":0,"comment_status":"closed","ping_status":"closed","template":"page-full-width.php","meta":{"footnotes":"","_links_to":"","_links_to_target":""},"class_list":["post-14247","page","type-page","status-publish","has-post-thumbnail","hentry"],"yoast_head":"<!-- This site is optimized with the Yoast SEO Premium plugin v20.11 (Yoast SEO v25.5) - https:\/\/yoast.com\/wordpress\/plugins\/seo\/ -->\n<title>Kari\u00e9ra - Agrodru\u017estvo Morkovice<\/title>\n<meta name=\"description\" content=\"Jsme zem\u011bd\u011blsk\u00fd podnik na okrese Krom\u011b\u0159\u00ed\u017e, kter\u00fd se zab\u00fdv\u00e1 rostlinnou a \u017eivo\u010di\u0161nou v\u00fdrobou (chov skotu s tr\u017en\u00ed produkc\u00ed ml\u00e9ka). se z\u00e1vodn\u00ed kuchyn\u00ed.\" \/>\n<meta name=\"robots\" content=\"index, follow, max-snippet:-1, max-image-preview:large, max-video-preview:-1\" \/>\n<link rel=\"canonical\" href=\"https:\/\/agdmorkovice.cz\/en\/kariera\/\" \/>\n<meta property=\"og:locale\" content=\"en_GB\" \/>\n<meta property=\"og:type\" content=\"article\" \/>\n<meta property=\"og:title\" content=\"Kari\u00e9ra\" \/>\n<meta property=\"og:description\" content=\"Jsme zem\u011bd\u011blsk\u00fd podnik na okrese Krom\u011b\u0159\u00ed\u017e, kter\u00fd se zab\u00fdv\u00e1 rostlinnou a \u017eivo\u010di\u0161nou v\u00fdrobou (chov skotu s tr\u017en\u00ed produkc\u00ed ml\u00e9ka). se z\u00e1vodn\u00ed kuchyn\u00ed.\" \/>\n<meta property=\"og:url\" content=\"https:\/\/agdmorkovice.cz\/en\/kariera\/\" \/>\n<meta property=\"og:site_name\" content=\"Agrodru\u017estvo Morkovice\" \/>\n<meta property=\"article:publisher\" content=\"https:\/\/www.facebook.com\/agdmorkovice.cz\" \/>\n<meta property=\"article:modified_time\" content=\"2025-08-16T16:27:34+00:00\" \/>\n<meta property=\"og:image\" content=\"https:\/\/agdmorkovice.cz\/wp-content\/uploads\/2023\/11\/1-1024x565.png\" \/>\n\t<meta property=\"og:image:width\" content=\"1024\" \/>\n\t<meta property=\"og:image:height\" content=\"565\" \/>\n\t<meta property=\"og:image:type\" content=\"image\/png\" \/>\n<meta name=\"twitter:card\" content=\"summary_large_image\" \/>\n<meta name=\"twitter:label1\" content=\"Estimated reading time\" \/>\n\t<meta name=\"twitter:data1\" content=\"1 minute\" \/>\n<script type=\"application\/ld+json\" class=\"yoast-schema-graph\">{\"@context\":\"https:\/\/schema.org\",\"@graph\":[{\"@type\":\"WebPage\",\"@id\":\"https:\/\/agdmorkovice.cz\/kariera\/\",\"url\":\"https:\/\/agdmorkovice.cz\/kariera\/\",\"name\":\"Kari\u00e9ra - Agrodru\u017estvo Morkovice\",\"isPartOf\":{\"@id\":\"https:\/\/agdmorkovice.cz\/#website\"},\"primaryImageOfPage\":{\"@id\":\"https:\/\/agdmorkovice.cz\/kariera\/#primaryimage\"},\"image\":{\"@id\":\"https:\/\/agdmorkovice.cz\/kariera\/#primaryimage\"},\"thumbnailUrl\":\"https:\/\/agdmorkovice.cz\/wp-content\/uploads\/2023\/11\/historie2.jpg\",\"datePublished\":\"2025-08-16T16:24:33+00:00\",\"dateModified\":\"2025-08-16T16:27:34+00:00\",\"description\":\"Jsme zem\u011bd\u011blsk\u00fd podnik na okrese Krom\u011b\u0159\u00ed\u017e, kter\u00fd se zab\u00fdv\u00e1 rostlinnou a \u017eivo\u010di\u0161nou v\u00fdrobou (chov skotu s tr\u017en\u00ed produkc\u00ed ml\u00e9ka). se z\u00e1vodn\u00ed kuchyn\u00ed.\",\"breadcrumb\":{\"@id\":\"https:\/\/agdmorkovice.cz\/kariera\/#breadcrumb\"},\"inLanguage\":\"en-GB\",\"potentialAction\":[{\"@type\":\"ReadAction\",\"target\":[\"https:\/\/agdmorkovice.cz\/kariera\/\"]}]},{\"@type\":\"ImageObject\",\"inLanguage\":\"en-GB\",\"@id\":\"https:\/\/agdmorkovice.cz\/kariera\/#primaryimage\",\"url\":\"https:\/\/agdmorkovice.cz\/wp-content\/uploads\/2023\/11\/historie2.jpg\",\"contentUrl\":\"https:\/\/agdmorkovice.cz\/wp-content\/uploads\/2023\/11\/historie2.jpg\",\"width\":1920,\"height\":1078},{\"@type\":\"BreadcrumbList\",\"@id\":\"https:\/\/agdmorkovice.cz\/kariera\/#breadcrumb\",\"itemListElement\":[{\"@type\":\"ListItem\",\"position\":1,\"name\":\"Dom\u016f\",\"item\":\"https:\/\/agdmorkovice.cz\/\"},{\"@type\":\"ListItem\",\"position\":2,\"name\":\"Kari\u00e9ra\"}]},{\"@type\":\"WebSite\",\"@id\":\"https:\/\/agdmorkovice.cz\/#website\",\"url\":\"https:\/\/agdmorkovice.cz\/\",\"name\":\"Agrodru\u017estvo Morkovice, dru\u017estvo\",\"description\":\"Agrodru\u017estvo Morkovice pat\u0159\u00ed svoj\u00ed obhospoda\u0159ovanou v\u00fdm\u011brou \u2013 5 255 ha zem\u011bd\u011blsk\u00e9 p\u016fdy k velk\u00fdm zem\u011bd\u011blsk\u00fdm dru\u017estv\u016fm ve Zl\u00ednsk\u00e9m kraji.\",\"publisher\":{\"@id\":\"https:\/\/agdmorkovice.cz\/#organization\"},\"alternateName\":\"AGD Morkovice\",\"potentialAction\":[{\"@type\":\"SearchAction\",\"target\":{\"@type\":\"EntryPoint\",\"urlTemplate\":\"https:\/\/agdmorkovice.cz\/?s={search_term_string}\"},\"query-input\":{\"@type\":\"PropertyValueSpecification\",\"valueRequired\":true,\"valueName\":\"search_term_string\"}}],\"inLanguage\":\"en-GB\"},{\"@type\":\"Organization\",\"@id\":\"https:\/\/agdmorkovice.cz\/#organization\",\"name\":\"Agrodru\u017estvo Morkovice, dru\u017estvo\",\"alternateName\":\"AGD Morkovice, dru\u017estvo\",\"url\":\"https:\/\/agdmorkovice.cz\/\",\"logo\":{\"@type\":\"ImageObject\",\"inLanguage\":\"en-GB\",\"@id\":\"https:\/\/agdmorkovice.cz\/#\/schema\/logo\/image\/\",\"url\":\"https:\/\/agdmorkovice.cz\/wp-content\/uploads\/2023\/10\/cropped-AGD_-Morkovice_logo_hneda-e1697221494604.png\",\"contentUrl\":\"https:\/\/agdmorkovice.cz\/wp-content\/uploads\/2023\/10\/cropped-AGD_-Morkovice_logo_hneda-e1697221494604.png\",\"width\":327,\"height\":264,\"caption\":\"Agrodru\u017estvo Morkovice, dru\u017estvo\"},\"image\":{\"@id\":\"https:\/\/agdmorkovice.cz\/#\/schema\/logo\/image\/\"},\"sameAs\":[\"https:\/\/www.facebook.com\/agdmorkovice.cz\"]}]}<\/script>\n<!-- \/ Yoast SEO Premium plugin. -->","yoast_head_json":{"title":"Kari\u00e9ra - Agrodru\u017estvo Morkovice","description":"Jsme zem\u011bd\u011blsk\u00fd podnik na okrese Krom\u011b\u0159\u00ed\u017e, kter\u00fd se zab\u00fdv\u00e1 rostlinnou a \u017eivo\u010di\u0161nou v\u00fdrobou (chov skotu s tr\u017en\u00ed produkc\u00ed ml\u00e9ka). se z\u00e1vodn\u00ed kuchyn\u00ed.","robots":{"index":"index","follow":"follow","max-snippet":"max-snippet:-1","max-image-preview":"max-image-preview:large","max-video-preview":"max-video-preview:-1"},"canonical":"https:\/\/agdmorkovice.cz\/en\/kariera\/","og_locale":"en_GB","og_type":"article","og_title":"Kari\u00e9ra","og_description":"Jsme zem\u011bd\u011blsk\u00fd podnik na okrese Krom\u011b\u0159\u00ed\u017e, kter\u00fd se zab\u00fdv\u00e1 rostlinnou a \u017eivo\u010di\u0161nou v\u00fdrobou (chov skotu s tr\u017en\u00ed produkc\u00ed ml\u00e9ka). se z\u00e1vodn\u00ed kuchyn\u00ed.","og_url":"https:\/\/agdmorkovice.cz\/en\/kariera\/","og_site_name":"Agrodru\u017estvo Morkovice","article_publisher":"https:\/\/www.facebook.com\/agdmorkovice.cz","article_modified_time":"2025-08-16T16:27:34+00:00","og_image":[{"width":1024,"height":565,"url":"https:\/\/agdmorkovice.cz\/wp-content\/uploads\/2023\/11\/1-1024x565.png","type":"image\/png"}],"twitter_card":"summary_large_image","twitter_misc":{"Estimated reading time":"1 minute"},"schema":{"@context":"https:\/\/schema.org","@graph":[{"@type":"WebPage","@id":"https:\/\/agdmorkovice.cz\/kariera\/","url":"https:\/\/agdmorkovice.cz\/kariera\/","name":"Kari\u00e9ra - Agrodru\u017estvo Morkovice","isPartOf":{"@id":"https:\/\/agdmorkovice.cz\/#website"},"primaryImageOfPage":{"@id":"https:\/\/agdmorkovice.cz\/kariera\/#primaryimage"},"image":{"@id":"https:\/\/agdmorkovice.cz\/kariera\/#primaryimage"},"thumbnailUrl":"https:\/\/agdmorkovice.cz\/wp-content\/uploads\/2023\/11\/historie2.jpg","datePublished":"2025-08-16T16:24:33+00:00","dateModified":"2025-08-16T16:27:34+00:00","description":"Jsme zem\u011bd\u011blsk\u00fd podnik na okrese Krom\u011b\u0159\u00ed\u017e, kter\u00fd se zab\u00fdv\u00e1 rostlinnou a \u017eivo\u010di\u0161nou v\u00fdrobou (chov skotu s tr\u017en\u00ed produkc\u00ed ml\u00e9ka). se z\u00e1vodn\u00ed kuchyn\u00ed.","breadcrumb":{"@id":"https:\/\/agdmorkovice.cz\/kariera\/#breadcrumb"},"inLanguage":"en-GB","potentialAction":[{"@type":"ReadAction","target":["https:\/\/agdmorkovice.cz\/kariera\/"]}]},{"@type":"ImageObject","inLanguage":"en-GB","@id":"https:\/\/agdmorkovice.cz\/kariera\/#primaryimage","url":"https:\/\/agdmorkovice.cz\/wp-content\/uploads\/2023\/11\/historie2.jpg","contentUrl":"https:\/\/agdmorkovice.cz\/wp-content\/uploads\/2023\/11\/historie2.jpg","width":1920,"height":1078},{"@type":"BreadcrumbList","@id":"https:\/\/agdmorkovice.cz\/kariera\/#breadcrumb","itemListElement":[{"@type":"ListItem","position":1,"name":"Dom\u016f","item":"https:\/\/agdmorkovice.cz\/"},{"@type":"ListItem","position":2,"name":"Kari\u00e9ra"}]},{"@type":"WebSite","@id":"https:\/\/agdmorkovice.cz\/#website","url":"https:\/\/agdmorkovice.cz\/","name":"Agrodru\u017estvo Morkovice, dru\u017estvo","description":"Agrodru\u017estvo Morkovice pat\u0159\u00ed svoj\u00ed obhospoda\u0159ovanou v\u00fdm\u011brou \u2013 5 255 ha zem\u011bd\u011blsk\u00e9 p\u016fdy k velk\u00fdm zem\u011bd\u011blsk\u00fdm dru\u017estv\u016fm ve Zl\u00ednsk\u00e9m kraji.","publisher":{"@id":"https:\/\/agdmorkovice.cz\/#organization"},"alternateName":"AGD Morkovice","potentialAction":[{"@type":"SearchAction","target":{"@type":"EntryPoint","urlTemplate":"https:\/\/agdmorkovice.cz\/?s={search_term_string}"},"query-input":{"@type":"PropertyValueSpecification","valueRequired":true,"valueName":"search_term_string"}}],"inLanguage":"en-GB"},{"@type":"Organization","@id":"https:\/\/agdmorkovice.cz\/#organization","name":"Agrodru\u017estvo Morkovice, dru\u017estvo","alternateName":"AGD Morkovice, dru\u017estvo","url":"https:\/\/agdmorkovice.cz\/","logo":{"@type":"ImageObject","inLanguage":"en-GB","@id":"https:\/\/agdmorkovice.cz\/#\/schema\/logo\/image\/","url":"https:\/\/agdmorkovice.cz\/wp-content\/uploads\/2023\/10\/cropped-AGD_-Morkovice_logo_hneda-e1697221494604.png","contentUrl":"https:\/\/agdmorkovice.cz\/wp-content\/uploads\/2023\/10\/cropped-AGD_-Morkovice_logo_hneda-e1697221494604.png","width":327,"height":264,"caption":"Agrodru\u017estvo Morkovice, dru\u017estvo"},"image":{"@id":"https:\/\/agdmorkovice.cz\/#\/schema\/logo\/image\/"},"sameAs":["https:\/\/www.facebook.com\/agdmorkovice.cz"]}]}},"_links":{"self":[{"href":"https:\/\/agdmorkovice.cz\/en\/wp-json\/wp\/v2\/pages\/14247","targetHints":{"allow":["GET"]}}],"collection":[{"href":"https:\/\/agdmorkovice.cz\/en\/wp-json\/wp\/v2\/pages"}],"about":[{"href":"https:\/\/agdmorkovice.cz\/en\/wp-json\/wp\/v2\/types\/page"}],"author":[{"embeddable":true,"href":"https:\/\/agdmorkovice.cz\/en\/wp-json\/wp\/v2\/users\/1"}],"replies":[{"embeddable":true,"href":"https:\/\/agdmorkovice.cz\/en\/wp-json\/wp\/v2\/comments?post=14247"}],"version-history":[{"count":4,"href":"https:\/\/agdmorkovice.cz\/en\/wp-json\/wp\/v2\/pages\/14247\/revisions"}],"predecessor-version":[{"id":14254,"href":"https:\/\/agdmorkovice.cz\/en\/wp-json\/wp\/v2\/pages\/14247\/revisions\/14254"}],"wp:featuredmedia":[{"embeddable":true,"href":"https:\/\/agdmorkovice.cz\/en\/wp-json\/wp\/v2\/media\/13682"}],"wp:attachment":[{"href":"https:\/\/agdmorkovice.cz\/en\/wp-json\/wp\/v2\/media?parent=14247"}],"curies":[{"name":"wp","href":"https:\/\/api.w.org\/{rel}","templated":true}]}}